{"id":104129,"date":"2015-05-28T11:30:14","date_gmt":"2015-05-28T08:30:14","guid":{"rendered":"https:\/\/aatoskuntoutus.fi\/hem\/"},"modified":"2022-04-23T08:51:11","modified_gmt":"2022-04-23T07:51:11","slug":"hem","status":"publish","type":"page","link":"https:\/\/aatoskuntoutus.fi\/sv\/","title":{"rendered":"Hem"},"content":{"rendered":"<div class=\"wpb-content-wrapper\"><p>[vc_row unlock_row_content=&#8221;yes&#8221; row_height_percent=&#8221;100&#8243; override_padding=&#8221;yes&#8221; h_padding=&#8221;0&#8243; top_padding=&#8221;0&#8243; bottom_padding=&#8221;0&#8243; overlay_alpha=&#8221;50&#8243; equal_height=&#8221;yes&#8221; gutter_size=&#8221;3&#8243; column_width_percent=&#8221;100&#8243; shift_y=&#8221;0&#8243; z_index=&#8221;0&#8243; uncode_shortcode_id=&#8221;786779&#8243; back_color_type=&#8221;uncode-solid&#8221;][vc_column column_width_percent=&#8221;100&#8243; gutter_size=&#8221;3&#8243; expand_height=&#8221;yes&#8221; style=&#8221;light&#8221; overlay_alpha=&#8221;50&#8243; shift_x=&#8221;0&#8243; shift_y=&#8221;0&#8243; shift_y_down=&#8221;0&#8243; z_index=&#8221;0&#8243; medium_width=&#8221;0&#8243; mobile_width=&#8221;0&#8243; width=&#8221;1\/1&#8243; uncode_shortcode_id=&#8221;169553&#8243;][vc_row_inner row_inner_height_percent=&#8221;0&#8243; overlay_alpha=&#8221;50&#8243; equal_height=&#8221;yes&#8221; gutter_size=&#8221;0&#8243; shift_y=&#8221;0&#8243; limit_content=&#8221;&#8221;][vc_column_inner column_width_use_pixel=&#8221;yes&#8221; gutter_size=&#8221;5&#8243; expand_height=&#8221;yes&#8221; back_image=&#8221;103214&#8243; back_repeat=&#8221;no-repeat&#8221; back_attachment=&#8221;inherit&#8221; back_position=&#8221;left top&#8221; overlay_alpha=&#8221;50&#8243; shift_x=&#8221;0&#8243; shift_y=&#8221;0&#8243; shift_y_down=&#8221;0&#8243; z_index=&#8221;0&#8243; medium_width=&#8221;0&#8243; mobile_width=&#8221;0&#8243; width=&#8221;1\/1&#8243; mobile_height=&#8221;300&#8243; uncode_shortcode_id=&#8221;210942&#8243; back_size=&#8221;cover&#8221;][\/vc_column_inner][\/vc_row_inner][\/vc_column][\/vc_row][vc_row row_height_percent=&#8221;0&#8243; back_color=&#8221;color-117157&#8243; overlay_alpha=&#8221;50&#8243; gutter_size=&#8221;3&#8243; column_width_percent=&#8221;100&#8243; shift_y=&#8221;0&#8243; z_index=&#8221;0&#8243; uncode_shortcode_id=&#8221;121636&#8243; back_color_type=&#8221;uncode-palette&#8221;][vc_column column_width_percent=&#8221;100&#8243; align_horizontal=&#8221;align_center&#8221; gutter_size=&#8221;3&#8243; overlay_alpha=&#8221;50&#8243; shift_x=&#8221;0&#8243; shift_y=&#8221;0&#8243; shift_y_down=&#8221;0&#8243; z_index=&#8221;0&#8243; medium_width=&#8221;0&#8243; mobile_width=&#8221;0&#8243; width=&#8221;1\/1&#8243; uncode_shortcode_id=&#8221;148409&#8243;][vc_row_inner][vc_column_inner column_width_percent=&#8221;100&#8243; align_horizontal=&#8221;align_center&#8221; gutter_size=&#8221;3&#8243; style=&#8221;light&#8221; overlay_alpha=&#8221;50&#8243; shift_x=&#8221;0&#8243; shift_y=&#8221;0&#8243; shift_y_down=&#8221;0&#8243; z_index=&#8221;0&#8243; medium_width=&#8221;0&#8243; mobile_width=&#8221;0&#8243; width=&#8221;1\/1&#8243; uncode_shortcode_id=&#8221;866584&#8243;][vc_custom_heading text_color=&#8221;color-xsdn&#8221; heading_semantic=&#8221;h1&#8243; text_size=&#8221;&#8221; text_weight=&#8221;500&#8243; text_align=&#8221;text-left&#8221; uncode_shortcode_id=&#8221;948593&#8243; text_color_type=&#8221;uncode-palette&#8221;]Aatos Kuntoutus[\/vc_custom_heading][vc_button button_color=&#8221;accent&#8221; size=&#8221;btn-xl&#8221; border_width=&#8221;0&#8243; link=&#8221;url:https%3A%2F%2Faatoskuntoutus.fi%2Fsv%2Fansok-om-terapiplats%2F&#8221; uncode_shortcode_id=&#8221;480793&#8243; button_color_type=&#8221;uncode-palette&#8221;]Ans\u00f6k om terapiplats[\/vc_button][\/vc_column_inner][\/vc_row_inner][\/vc_column][\/vc_row]<\/p>\n<\/div>","protected":false},"excerpt":{"rendered":"<p>[vc_row unlock_row_content=&#8221;yes&#8221; row_height_percent=&#8221;100&#8243; override_padding=&#8221;yes&#8221; h_padding=&#8221;0&#8243; top_padding=&#8221;0&#8243; bottom_padding=&#8221;0&#8243; overlay_alpha=&#8221;50&#8243; equal_height=&#8221;yes&#8221; gutter_size=&#8221;3&#8243; column_width_percent=&#8221;100&#8243; shift_y=&#8221;0&#8243; z_index=&#8221;0&#8243; uncode_shortcode_id=&#8221;786779&#8243; back_color_type=&#8221;uncode-solid&#8221;][vc_column column_width_percent=&#8221;100&#8243; gutter_size=&#8221;3&#8243; expand_height=&#8221;yes&#8221; style=&#8221;light&#8221; overlay_alpha=&#8221;50&#8243; [&hellip;]<\/p>\n","protected":false},"author":3,"featured_media":0,"parent":0,"menu_order":0,"comment_status":"closed","ping_status":"closed","template":"","meta":{"_oct_exclude_from_cache":false,"footnotes":""},"class_list":["post-104129","page","type-page","status-publish","hentry","page_category-classic-sv"],"yoast_head":"<!-- This site is optimized with the Yoast SEO plugin v23.3 - https:\/\/yoast.com\/wordpress\/plugins\/seo\/ -->\n<title>Hem - Aatos Kuntoutus Oy<\/title>\n<meta name=\"description\" content=\"Vi erbjuder ergoterapit\u00e4nster och neuropsykiatrisk handledning i Karleby med omnejd. Mottagningen finns i Karleby, vi genomf\u00f6r \u00e4ven terapier i klientens vardagsmilj\u00f6.\" \/>\n<meta name=\"robots\" content=\"index, follow, max-snippet:-1, max-image-preview:large, max-video-preview:-1\" \/>\n<link rel=\"canonical\" href=\"https:\/\/aatoskuntoutus.fi\/sv\/\" \/>\n<meta property=\"og:locale\" content=\"sv_SE\" \/>\n<meta property=\"og:type\" content=\"article\" \/>\n<meta property=\"og:title\" content=\"Hem - Aatos Kuntoutus Oy\" \/>\n<meta property=\"og:description\" content=\"Vi erbjuder ergoterapit\u00e4nster och neuropsykiatrisk handledning i Karleby med omnejd. Mottagningen finns i Karleby, vi genomf\u00f6r \u00e4ven terapier i klientens vardagsmilj\u00f6.\" \/>\n<meta property=\"og:url\" content=\"https:\/\/aatoskuntoutus.fi\/sv\/\" \/>\n<meta property=\"og:site_name\" content=\"Aatos Kuntoutus Oy\" \/>\n<meta property=\"article:modified_time\" content=\"2022-04-23T07:51:11+00:00\" \/>\n<meta name=\"twitter:card\" content=\"summary_large_image\" \/>\n<meta name=\"twitter:label1\" content=\"Ber\u00e4knad l\u00e4stid\" \/>\n\t<meta name=\"twitter:data1\" content=\"2 minuter\" \/>\n<script type=\"application\/ld+json\" class=\"yoast-schema-graph\">{\"@context\":\"https:\/\/schema.org\",\"@graph\":[{\"@type\":\"WebPage\",\"@id\":\"https:\/\/aatoskuntoutus.fi\/sv\/\",\"url\":\"https:\/\/aatoskuntoutus.fi\/sv\/\",\"name\":\"Hem - Aatos Kuntoutus Oy\",\"isPartOf\":{\"@id\":\"https:\/\/aatoskuntoutus.fi\/sv\/#website\"},\"datePublished\":\"2015-05-28T08:30:14+00:00\",\"dateModified\":\"2022-04-23T07:51:11+00:00\",\"description\":\"Vi erbjuder ergoterapit\u00e4nster och neuropsykiatrisk handledning i Karleby med omnejd. Mottagningen finns i Karleby, vi genomf\u00f6r \u00e4ven terapier i klientens vardagsmilj\u00f6.\",\"breadcrumb\":{\"@id\":\"https:\/\/aatoskuntoutus.fi\/sv\/#breadcrumb\"},\"inLanguage\":\"sv-SE\",\"potentialAction\":[{\"@type\":\"ReadAction\",\"target\":[\"https:\/\/aatoskuntoutus.fi\/sv\/\"]}]},{\"@type\":\"BreadcrumbList\",\"@id\":\"https:\/\/aatoskuntoutus.fi\/sv\/#breadcrumb\",\"itemListElement\":[{\"@type\":\"ListItem\",\"position\":1,\"name\":\"Home\",\"item\":\"https:\/\/aatoskuntoutus.fi\/sv\/\"},{\"@type\":\"ListItem\",\"position\":2,\"name\":\"Hem\"}]},{\"@type\":\"WebSite\",\"@id\":\"https:\/\/aatoskuntoutus.fi\/sv\/#website\",\"url\":\"https:\/\/aatoskuntoutus.fi\/sv\/\",\"name\":\"Aatos Kuntoutus Oy\",\"description\":\"Toimintaterapiaa ja neuropsykiatrista valmennusta Kokkolassa\",\"publisher\":{\"@id\":\"https:\/\/aatoskuntoutus.fi\/sv\/#organization\"},\"potentialAction\":[{\"@type\":\"SearchAction\",\"target\":{\"@type\":\"EntryPoint\",\"urlTemplate\":\"https:\/\/aatoskuntoutus.fi\/sv\/?s={search_term_string}\"},\"query-input\":\"required name=search_term_string\"}],\"inLanguage\":\"sv-SE\"},{\"@type\":\"Organization\",\"@id\":\"https:\/\/aatoskuntoutus.fi\/sv\/#organization\",\"name\":\"Aatos Kuntoutus Oy\",\"url\":\"https:\/\/aatoskuntoutus.fi\/sv\/\",\"logo\":{\"@type\":\"ImageObject\",\"inLanguage\":\"sv-SE\",\"@id\":\"https:\/\/aatoskuntoutus.fi\/sv\/#\/schema\/logo\/image\/\",\"url\":\"https:\/\/aatoskuntoutus.fi\/wp-content\/uploads\/2021\/12\/cropped-Aatos-Kuntoutus_logo-1.png\",\"contentUrl\":\"https:\/\/aatoskuntoutus.fi\/wp-content\/uploads\/2021\/12\/cropped-Aatos-Kuntoutus_logo-1.png\",\"width\":160,\"height\":166,\"caption\":\"Aatos Kuntoutus Oy\"},\"image\":{\"@id\":\"https:\/\/aatoskuntoutus.fi\/sv\/#\/schema\/logo\/image\/\"}}]}<\/script>\n<!-- \/ Yoast SEO plugin. -->","yoast_head_json":{"title":"Hem - Aatos Kuntoutus Oy","description":"Vi erbjuder ergoterapit\u00e4nster och neuropsykiatrisk handledning i Karleby med omnejd. Mottagningen finns i Karleby, vi genomf\u00f6r \u00e4ven terapier i klientens vardagsmilj\u00f6.","robots":{"index":"index","follow":"follow","max-snippet":"max-snippet:-1","max-image-preview":"max-image-preview:large","max-video-preview":"max-video-preview:-1"},"canonical":"https:\/\/aatoskuntoutus.fi\/sv\/","og_locale":"sv_SE","og_type":"article","og_title":"Hem - Aatos Kuntoutus Oy","og_description":"Vi erbjuder ergoterapit\u00e4nster och neuropsykiatrisk handledning i Karleby med omnejd. Mottagningen finns i Karleby, vi genomf\u00f6r \u00e4ven terapier i klientens vardagsmilj\u00f6.","og_url":"https:\/\/aatoskuntoutus.fi\/sv\/","og_site_name":"Aatos Kuntoutus Oy","article_modified_time":"2022-04-23T07:51:11+00:00","twitter_card":"summary_large_image","twitter_misc":{"Ber\u00e4knad l\u00e4stid":"2 minuter"},"schema":{"@context":"https:\/\/schema.org","@graph":[{"@type":"WebPage","@id":"https:\/\/aatoskuntoutus.fi\/sv\/","url":"https:\/\/aatoskuntoutus.fi\/sv\/","name":"Hem - Aatos Kuntoutus Oy","isPartOf":{"@id":"https:\/\/aatoskuntoutus.fi\/sv\/#website"},"datePublished":"2015-05-28T08:30:14+00:00","dateModified":"2022-04-23T07:51:11+00:00","description":"Vi erbjuder ergoterapit\u00e4nster och neuropsykiatrisk handledning i Karleby med omnejd. Mottagningen finns i Karleby, vi genomf\u00f6r \u00e4ven terapier i klientens vardagsmilj\u00f6.","breadcrumb":{"@id":"https:\/\/aatoskuntoutus.fi\/sv\/#breadcrumb"},"inLanguage":"sv-SE","potentialAction":[{"@type":"ReadAction","target":["https:\/\/aatoskuntoutus.fi\/sv\/"]}]},{"@type":"BreadcrumbList","@id":"https:\/\/aatoskuntoutus.fi\/sv\/#breadcrumb","itemListElement":[{"@type":"ListItem","position":1,"name":"Home","item":"https:\/\/aatoskuntoutus.fi\/sv\/"},{"@type":"ListItem","position":2,"name":"Hem"}]},{"@type":"WebSite","@id":"https:\/\/aatoskuntoutus.fi\/sv\/#website","url":"https:\/\/aatoskuntoutus.fi\/sv\/","name":"Aatos Kuntoutus Oy","description":"Toimintaterapiaa ja neuropsykiatrista valmennusta Kokkolassa","publisher":{"@id":"https:\/\/aatoskuntoutus.fi\/sv\/#organization"},"potentialAction":[{"@type":"SearchAction","target":{"@type":"EntryPoint","urlTemplate":"https:\/\/aatoskuntoutus.fi\/sv\/?s={search_term_string}"},"query-input":"required name=search_term_string"}],"inLanguage":"sv-SE"},{"@type":"Organization","@id":"https:\/\/aatoskuntoutus.fi\/sv\/#organization","name":"Aatos Kuntoutus Oy","url":"https:\/\/aatoskuntoutus.fi\/sv\/","logo":{"@type":"ImageObject","inLanguage":"sv-SE","@id":"https:\/\/aatoskuntoutus.fi\/sv\/#\/schema\/logo\/image\/","url":"https:\/\/aatoskuntoutus.fi\/wp-content\/uploads\/2021\/12\/cropped-Aatos-Kuntoutus_logo-1.png","contentUrl":"https:\/\/aatoskuntoutus.fi\/wp-content\/uploads\/2021\/12\/cropped-Aatos-Kuntoutus_logo-1.png","width":160,"height":166,"caption":"Aatos Kuntoutus Oy"},"image":{"@id":"https:\/\/aatoskuntoutus.fi\/sv\/#\/schema\/logo\/image\/"}}]}},"_links":{"self":[{"href":"https:\/\/aatoskuntoutus.fi\/sv\/wp-json\/wp\/v2\/pages\/104129","targetHints":{"allow":["GET"]}}],"collection":[{"href":"https:\/\/aatoskuntoutus.fi\/sv\/wp-json\/wp\/v2\/pages"}],"about":[{"href":"https:\/\/aatoskuntoutus.fi\/sv\/wp-json\/wp\/v2\/types\/page"}],"author":[{"embeddable":true,"href":"https:\/\/aatoskuntoutus.fi\/sv\/wp-json\/wp\/v2\/users\/3"}],"replies":[{"embeddable":true,"href":"https:\/\/aatoskuntoutus.fi\/sv\/wp-json\/wp\/v2\/comments?post=104129"}],"version-history":[{"count":2,"href":"https:\/\/aatoskuntoutus.fi\/sv\/wp-json\/wp\/v2\/pages\/104129\/revisions"}],"predecessor-version":[{"id":104189,"href":"https:\/\/aatoskuntoutus.fi\/sv\/wp-json\/wp\/v2\/pages\/104129\/revisions\/104189"}],"wp:attachment":[{"href":"https:\/\/aatoskuntoutus.fi\/sv\/wp-json\/wp\/v2\/media?parent=104129"}],"curies":[{"name":"wp","href":"https:\/\/api.w.org\/{rel}","templated":true}]}}