{"id":104137,"date":"2021-12-13T17:52:17","date_gmt":"2021-12-13T15:52:17","guid":{"rendered":"https:\/\/aatoskuntoutus.fi\/teamet\/"},"modified":"2022-03-14T19:15:51","modified_gmt":"2022-03-14T19:15:51","slug":"teamet","status":"publish","type":"page","link":"https:\/\/aatoskuntoutus.fi\/sv\/teamet\/","title":{"rendered":"Teamet"},"content":{"rendered":"<div class=\"wpb-content-wrapper\"><p>[vc_row][vc_column width=&#8221;1\/1&#8243;][vc_single_image media=&#8221;104217&#8243; media_width_percent=&#8221;100&#8243; uncode_shortcode_id=&#8221;382411&#8243;][\/vc_column][\/vc_row][vc_row unlock_row_content=&#8221;yes&#8221; row_height_percent=&#8221;0&#8243; override_padding=&#8221;yes&#8221; h_padding=&#8221;5&#8243; top_padding=&#8221;0&#8243; bottom_padding=&#8221;5&#8243; overlay_alpha=&#8221;100&#8243; gutter_size=&#8221;100&#8243; column_width_percent=&#8221;100&#8243; shift_y=&#8221;0&#8243; z_index=&#8221;0&#8243; style=&#8221;inherited&#8221;][vc_column column_width_percent=&#8221;100&#8243; align_horizontal=&#8221;align_center&#8221; gutter_size=&#8221;3&#8243; overlay_alpha=&#8221;50&#8243; shift_x=&#8221;0&#8243; shift_y=&#8221;0&#8243; shift_y_down=&#8221;0&#8243; z_index=&#8221;0&#8243; medium_width=&#8221;0&#8243; mobile_width=&#8221;0&#8243; width=&#8221;1\/1&#8243; uncode_shortcode_id=&#8221;152361&#8243;][vc_empty_space empty_h=&#8221;2&#8243;][vc_custom_heading text_size=&#8221;h1&#8243; uncode_shortcode_id=&#8221;342120&#8243;]V\u00e5rt team[\/vc_custom_heading][vc_column_text uncode_shortcode_id=&#8221;193131&#8243;]St\u00f6rsta delen av v\u00e5ra kunder \u00e4r barn och ungdomar och som ergoterapeuter har vi\u00a0 l\u00e5ng arbetserfarenhet. Vi har specialkunnande inom bl.a. neuropsykiatriska st\u00f6rningar, sensomotoriska utmaningar och habilitering av olika utvecklingsf\u00f6rseningar.<br \/>\n[\/vc_column_text][vc_empty_space empty_h=&#8221;2&#8243;][\/vc_column][\/vc_row][vc_row][vc_column width=&#8221;1\/1&#8243;][vc_row_inner][vc_column_inner width=&#8221;1\/2&#8243;][vc_single_image media=&#8221;103266&#8243; media_width_percent=&#8221;100&#8243; uncode_shortcode_id=&#8221;169874&#8243;][vc_column_text uncode_shortcode_id=&#8221;647614&#8243;]<strong>Leena K\u00e4rki<\/strong><br \/>\nVD<br \/>\nErgoterapeut och neuropsykiatrisk coach[\/vc_column_text][vc_column_text text_color=&#8221;color-jevc&#8221; uncode_shortcode_id=&#8221;105186&#8243; text_color_type=&#8221;uncode-palette&#8221;]<a href=\"tel:+358452199115\">+358 45 219 9115<\/a><br \/>\n<a href=\"mailto:leena.karki@aatoskuntoutus.fi\">leena.karki@aatoskuntoutus.fi<\/a>[\/vc_column_text][\/vc_column_inner][vc_column_inner width=&#8221;1\/2&#8243;][vc_single_image media=&#8221;103265&#8243; media_width_percent=&#8221;100&#8243; uncode_shortcode_id=&#8221;218343&#8243;][vc_column_text uncode_shortcode_id=&#8221;525854&#8243;]<strong>Mia Ollfat<\/strong><br \/>\nToimintaterapeutti \/ Ergoterapeut<br \/>\n&amp; neuropsykiatrisk coach[\/vc_column_text][vc_column_text text_color=&#8221;color-jevc&#8221; uncode_shortcode_id=&#8221;136233&#8243; text_color_type=&#8221;uncode-palette&#8221;]<a href=\"tel:+358401594899\">+358 40 159 4899<\/a><br \/>\n<a href=\"mailto:mia.ollfat@aatoskuntoutus.fi\">mia.ollfat@aatoskuntoutus.fi<\/a>[\/vc_column_text][\/vc_column_inner][\/vc_row_inner][vc_row_inner][vc_column_inner width=&#8221;1\/2&#8243;][vc_single_image media=&#8221;103268&#8243; media_width_percent=&#8221;100&#8243; uncode_shortcode_id=&#8221;961268&#8243;][vc_column_text uncode_shortcode_id=&#8221;106854&#8243;]<strong>Marina Kelloniemi<\/strong><br \/>\nToimintaterapeutti \/ Ergoterapeut[\/vc_column_text][vc_column_text text_color=&#8221;color-jevc&#8221; uncode_shortcode_id=&#8221;388316&#8243; text_color_type=&#8221;uncode-palette&#8221;]<a href=\"tel:+358401381621\">+358 40 138 1621<\/a><br \/>\n<a href=\"mailto:marina.kelloniemi@aatoskuntoutus.fi\">marina.kelloniemi@aatoskuntoutus.fi<\/a>[\/vc_column_text][\/vc_column_inner][vc_column_inner width=&#8221;1\/2&#8243;][vc_single_image media=&#8221;103267&#8243; media_width_percent=&#8221;100&#8243; uncode_shortcode_id=&#8221;127793&#8243;][vc_column_text uncode_shortcode_id=&#8221;949565&#8243;]<strong>Mira Kannusaari<\/strong><br \/>\nToimintaterapeutti[\/vc_column_text][vc_column_text text_color=&#8221;color-jevc&#8221; uncode_shortcode_id=&#8221;135860&#8243; text_color_type=&#8221;uncode-palette&#8221;]<a href=\"tel:+358401603244\"> +358 40 160 3244<\/a><br \/>\n<a href=\"mailto:mira.kannussaari@aatoskuntoutus.fi\">mira.kannussaari@aatoskuntoutus.fi<\/a>[\/vc_column_text][\/vc_column_inner][\/vc_row_inner][\/vc_column][\/vc_row]<\/p>\n<\/div>","protected":false},"excerpt":{"rendered":"<p>[vc_row][vc_column width=&#8221;1\/1&#8243;][vc_single_image media=&#8221;104217&#8243; media_width_percent=&#8221;100&#8243; uncode_shortcode_id=&#8221;382411&#8243;][\/vc_column][\/vc_row][vc_row unlock_row_content=&#8221;yes&#8221; row_height_percent=&#8221;0&#8243; override_padding=&#8221;yes&#8221; h_padding=&#8221;5&#8243; top_padding=&#8221;0&#8243; bottom_padding=&#8221;5&#8243; overlay_alpha=&#8221;100&#8243; gutter_size=&#8221;100&#8243; column_width_percent=&#8221;100&#8243; shift_y=&#8221;0&#8243; z_index=&#8221;0&#8243; style=&#8221;inherited&#8221;][vc_column column_width_percent=&#8221;100&#8243; align_horizontal=&#8221;align_center&#8221; gutter_size=&#8221;3&#8243; [&hellip;]<\/p>\n","protected":false},"author":3,"featured_media":0,"parent":0,"menu_order":0,"comment_status":"closed","ping_status":"closed","template":"","meta":{"_oct_exclude_from_cache":false,"footnotes":""},"class_list":["post-104137","page","type-page","status-publish","hentry"],"yoast_head":"<!-- This site is optimized with the Yoast SEO plugin v23.3 - https:\/\/yoast.com\/wordpress\/plugins\/seo\/ -->\n<title>Teamet - Aatos Kuntoutus Oy<\/title>\n<meta name=\"robots\" content=\"index, follow, max-snippet:-1, max-image-preview:large, max-video-preview:-1\" \/>\n<link rel=\"canonical\" href=\"https:\/\/aatoskuntoutus.fi\/sv\/teamet\/\" \/>\n<meta property=\"og:locale\" content=\"sv_SE\" \/>\n<meta property=\"og:type\" content=\"article\" \/>\n<meta property=\"og:title\" content=\"Teamet - Aatos Kuntoutus Oy\" \/>\n<meta property=\"og:description\" content=\"[vc_row][vc_column width=&#8221;1\/1&#8243;][vc_single_image media=&#8221;104217&#8243; media_width_percent=&#8221;100&#8243; uncode_shortcode_id=&#8221;382411&#8243;][\/vc_column][\/vc_row][vc_row unlock_row_content=&#8221;yes&#8221; row_height_percent=&#8221;0&#8243; override_padding=&#8221;yes&#8221; h_padding=&#8221;5&#8243; top_padding=&#8221;0&#8243; bottom_padding=&#8221;5&#8243; overlay_alpha=&#8221;100&#8243; gutter_size=&#8221;100&#8243; column_width_percent=&#8221;100&#8243; shift_y=&#8221;0&#8243; z_index=&#8221;0&#8243; style=&#8221;inherited&#8221;][vc_column column_width_percent=&#8221;100&#8243; align_horizontal=&#8221;align_center&#8221; gutter_size=&#8221;3&#8243; [&hellip;]\" \/>\n<meta property=\"og:url\" content=\"https:\/\/aatoskuntoutus.fi\/sv\/teamet\/\" \/>\n<meta property=\"og:site_name\" content=\"Aatos Kuntoutus Oy\" \/>\n<meta property=\"article:modified_time\" content=\"2022-03-14T19:15:51+00:00\" \/>\n<meta name=\"twitter:card\" content=\"summary_large_image\" \/>\n<meta name=\"twitter:label1\" content=\"Ber\u00e4knad l\u00e4stid\" \/>\n\t<meta name=\"twitter:data1\" content=\"2 minuter\" \/>\n<script type=\"application\/ld+json\" class=\"yoast-schema-graph\">{\"@context\":\"https:\/\/schema.org\",\"@graph\":[{\"@type\":\"WebPage\",\"@id\":\"https:\/\/aatoskuntoutus.fi\/sv\/teamet\/\",\"url\":\"https:\/\/aatoskuntoutus.fi\/sv\/teamet\/\",\"name\":\"Teamet - Aatos Kuntoutus Oy\",\"isPartOf\":{\"@id\":\"https:\/\/aatoskuntoutus.fi\/sv\/#website\"},\"datePublished\":\"2021-12-13T15:52:17+00:00\",\"dateModified\":\"2022-03-14T19:15:51+00:00\",\"breadcrumb\":{\"@id\":\"https:\/\/aatoskuntoutus.fi\/sv\/teamet\/#breadcrumb\"},\"inLanguage\":\"sv-SE\",\"potentialAction\":[{\"@type\":\"ReadAction\",\"target\":[\"https:\/\/aatoskuntoutus.fi\/sv\/teamet\/\"]}]},{\"@type\":\"BreadcrumbList\",\"@id\":\"https:\/\/aatoskuntoutus.fi\/sv\/teamet\/#breadcrumb\",\"itemListElement\":[{\"@type\":\"ListItem\",\"position\":1,\"name\":\"Home\",\"item\":\"https:\/\/aatoskuntoutus.fi\/sv\/\"},{\"@type\":\"ListItem\",\"position\":2,\"name\":\"Teamet\"}]},{\"@type\":\"WebSite\",\"@id\":\"https:\/\/aatoskuntoutus.fi\/sv\/#website\",\"url\":\"https:\/\/aatoskuntoutus.fi\/sv\/\",\"name\":\"Aatos Kuntoutus Oy\",\"description\":\"Toimintaterapiaa ja neuropsykiatrista valmennusta Kokkolassa\",\"publisher\":{\"@id\":\"https:\/\/aatoskuntoutus.fi\/sv\/#organization\"},\"potentialAction\":[{\"@type\":\"SearchAction\",\"target\":{\"@type\":\"EntryPoint\",\"urlTemplate\":\"https:\/\/aatoskuntoutus.fi\/sv\/?s={search_term_string}\"},\"query-input\":\"required name=search_term_string\"}],\"inLanguage\":\"sv-SE\"},{\"@type\":\"Organization\",\"@id\":\"https:\/\/aatoskuntoutus.fi\/sv\/#organization\",\"name\":\"Aatos Kuntoutus Oy\",\"url\":\"https:\/\/aatoskuntoutus.fi\/sv\/\",\"logo\":{\"@type\":\"ImageObject\",\"inLanguage\":\"sv-SE\",\"@id\":\"https:\/\/aatoskuntoutus.fi\/sv\/#\/schema\/logo\/image\/\",\"url\":\"https:\/\/aatoskuntoutus.fi\/wp-content\/uploads\/2021\/12\/cropped-Aatos-Kuntoutus_logo-1.png\",\"contentUrl\":\"https:\/\/aatoskuntoutus.fi\/wp-content\/uploads\/2021\/12\/cropped-Aatos-Kuntoutus_logo-1.png\",\"width\":160,\"height\":166,\"caption\":\"Aatos Kuntoutus Oy\"},\"image\":{\"@id\":\"https:\/\/aatoskuntoutus.fi\/sv\/#\/schema\/logo\/image\/\"}}]}<\/script>\n<!-- \/ Yoast SEO plugin. -->","yoast_head_json":{"title":"Teamet - Aatos Kuntoutus Oy","robots":{"index":"index","follow":"follow","max-snippet":"max-snippet:-1","max-image-preview":"max-image-preview:large","max-video-preview":"max-video-preview:-1"},"canonical":"https:\/\/aatoskuntoutus.fi\/sv\/teamet\/","og_locale":"sv_SE","og_type":"article","og_title":"Teamet - Aatos Kuntoutus Oy","og_description":"[vc_row][vc_column width=&#8221;1\/1&#8243;][vc_single_image media=&#8221;104217&#8243; media_width_percent=&#8221;100&#8243; uncode_shortcode_id=&#8221;382411&#8243;][\/vc_column][\/vc_row][vc_row unlock_row_content=&#8221;yes&#8221; row_height_percent=&#8221;0&#8243; override_padding=&#8221;yes&#8221; h_padding=&#8221;5&#8243; top_padding=&#8221;0&#8243; bottom_padding=&#8221;5&#8243; overlay_alpha=&#8221;100&#8243; gutter_size=&#8221;100&#8243; column_width_percent=&#8221;100&#8243; shift_y=&#8221;0&#8243; z_index=&#8221;0&#8243; style=&#8221;inherited&#8221;][vc_column column_width_percent=&#8221;100&#8243; align_horizontal=&#8221;align_center&#8221; gutter_size=&#8221;3&#8243; [&hellip;]","og_url":"https:\/\/aatoskuntoutus.fi\/sv\/teamet\/","og_site_name":"Aatos Kuntoutus Oy","article_modified_time":"2022-03-14T19:15:51+00:00","twitter_card":"summary_large_image","twitter_misc":{"Ber\u00e4knad l\u00e4stid":"2 minuter"},"schema":{"@context":"https:\/\/schema.org","@graph":[{"@type":"WebPage","@id":"https:\/\/aatoskuntoutus.fi\/sv\/teamet\/","url":"https:\/\/aatoskuntoutus.fi\/sv\/teamet\/","name":"Teamet - Aatos Kuntoutus Oy","isPartOf":{"@id":"https:\/\/aatoskuntoutus.fi\/sv\/#website"},"datePublished":"2021-12-13T15:52:17+00:00","dateModified":"2022-03-14T19:15:51+00:00","breadcrumb":{"@id":"https:\/\/aatoskuntoutus.fi\/sv\/teamet\/#breadcrumb"},"inLanguage":"sv-SE","potentialAction":[{"@type":"ReadAction","target":["https:\/\/aatoskuntoutus.fi\/sv\/teamet\/"]}]},{"@type":"BreadcrumbList","@id":"https:\/\/aatoskuntoutus.fi\/sv\/teamet\/#breadcrumb","itemListElement":[{"@type":"ListItem","position":1,"name":"Home","item":"https:\/\/aatoskuntoutus.fi\/sv\/"},{"@type":"ListItem","position":2,"name":"Teamet"}]},{"@type":"WebSite","@id":"https:\/\/aatoskuntoutus.fi\/sv\/#website","url":"https:\/\/aatoskuntoutus.fi\/sv\/","name":"Aatos Kuntoutus Oy","description":"Toimintaterapiaa ja neuropsykiatrista valmennusta Kokkolassa","publisher":{"@id":"https:\/\/aatoskuntoutus.fi\/sv\/#organization"},"potentialAction":[{"@type":"SearchAction","target":{"@type":"EntryPoint","urlTemplate":"https:\/\/aatoskuntoutus.fi\/sv\/?s={search_term_string}"},"query-input":"required name=search_term_string"}],"inLanguage":"sv-SE"},{"@type":"Organization","@id":"https:\/\/aatoskuntoutus.fi\/sv\/#organization","name":"Aatos Kuntoutus Oy","url":"https:\/\/aatoskuntoutus.fi\/sv\/","logo":{"@type":"ImageObject","inLanguage":"sv-SE","@id":"https:\/\/aatoskuntoutus.fi\/sv\/#\/schema\/logo\/image\/","url":"https:\/\/aatoskuntoutus.fi\/wp-content\/uploads\/2021\/12\/cropped-Aatos-Kuntoutus_logo-1.png","contentUrl":"https:\/\/aatoskuntoutus.fi\/wp-content\/uploads\/2021\/12\/cropped-Aatos-Kuntoutus_logo-1.png","width":160,"height":166,"caption":"Aatos Kuntoutus Oy"},"image":{"@id":"https:\/\/aatoskuntoutus.fi\/sv\/#\/schema\/logo\/image\/"}}]}},"_links":{"self":[{"href":"https:\/\/aatoskuntoutus.fi\/sv\/wp-json\/wp\/v2\/pages\/104137","targetHints":{"allow":["GET"]}}],"collection":[{"href":"https:\/\/aatoskuntoutus.fi\/sv\/wp-json\/wp\/v2\/pages"}],"about":[{"href":"https:\/\/aatoskuntoutus.fi\/sv\/wp-json\/wp\/v2\/types\/page"}],"author":[{"embeddable":true,"href":"https:\/\/aatoskuntoutus.fi\/sv\/wp-json\/wp\/v2\/users\/3"}],"replies":[{"embeddable":true,"href":"https:\/\/aatoskuntoutus.fi\/sv\/wp-json\/wp\/v2\/comments?post=104137"}],"version-history":[{"count":19,"href":"https:\/\/aatoskuntoutus.fi\/sv\/wp-json\/wp\/v2\/pages\/104137\/revisions"}],"predecessor-version":[{"id":104255,"href":"https:\/\/aatoskuntoutus.fi\/sv\/wp-json\/wp\/v2\/pages\/104137\/revisions\/104255"}],"wp:attachment":[{"href":"https:\/\/aatoskuntoutus.fi\/sv\/wp-json\/wp\/v2\/media?parent=104137"}],"curies":[{"name":"wp","href":"https:\/\/api.w.org\/{rel}","templated":true}]}}