{"id":104167,"date":"2021-12-13T17:52:49","date_gmt":"2021-12-13T17:52:49","guid":{"rendered":"https:\/\/aatoskuntoutus.fi\/hae-terapiaan\/"},"modified":"2022-03-14T19:03:29","modified_gmt":"2022-03-14T19:03:29","slug":"ansok-om-terapiplats","status":"publish","type":"page","link":"https:\/\/aatoskuntoutus.fi\/sv\/ansok-om-terapiplats\/","title":{"rendered":"Ans\u00f6k om terapiplats"},"content":{"rendered":"<div class=\"wpb-content-wrapper\"><p>[vc_row][vc_column width=&#8221;1\/1&#8243;][vc_column_text uncode_shortcode_id=&#8221;172029&#8243;]<\/p>\n<p style=\"text-align: center;\">Vi ber er fylla i ans\u00f6kningsblanketten s\u00e5 noggrant som m\u00f6jligt. N\u00e4r vi mottagit ans\u00f6kningsblanketten tar vi alltid kontakt med er s\u00e5 fort som m\u00f6jligt. Vi har n\u00f6dv\u00e4ndigtvis inte lediga tider att ge direkt.<\/p>\n<p>[\/vc_column_text]\n<div class=\"wpcf7 no-js\" id=\"wpcf7-f104154-o1\" lang=\"sv-SE\" dir=\"ltr\">\n<div class=\"screen-reader-response\"><p role=\"status\" aria-live=\"polite\" aria-atomic=\"true\"><\/p> <ul><\/ul><\/div>\n<form action=\"\/sv\/wp-json\/wp\/v2\/pages\/104167#wpcf7-f104154-o1\" method=\"post\" class=\"wpcf7-form init\" aria-label=\"Kontaktformul\u00e4r\" novalidate=\"novalidate\" data-status=\"init\">\n<div style=\"display: none;\">\n<input type=\"hidden\" name=\"_wpcf7\" value=\"104154\" \/>\n<input type=\"hidden\" name=\"_wpcf7_version\" value=\"5.9.8\" \/>\n<input type=\"hidden\" name=\"_wpcf7_locale\" value=\"sv_SE\" \/>\n<input type=\"hidden\" name=\"_wpcf7_unit_tag\" value=\"wpcf7-f104154-o1\" \/>\n<input type=\"hidden\" name=\"_wpcf7_container_post\" value=\"0\" \/>\n<input type=\"hidden\" name=\"_wpcf7_posted_data_hash\" value=\"\" \/>\n<\/div>\n<div id=\"responsive-form\" class=\"clearfix\">\n\t<div class=\"column-full\" style=\"font-size: 38px; text-align:center;color: #000;\">\n\t\t<p>ANS\u00d6KNINGSFORMUL\u00c4R\n\t\t<\/p>\n\t<\/div>\n\t<div class=\"form-row\">\n\t\t<div class=\"column-half\">\n\t\t\t<p><span class=\"wpcf7-form-control-wrap\" data-name=\"Asiakkaan-nimi\"><input size=\"40\" maxlength=\"400\" class=\"wpcf7-form-control wpcf7-text wpcf7-validates-as-required\" aria-required=\"true\" aria-invalid=\"false\" placeholder=\"Kundens namn\" value=\"\" type=\"text\" name=\"Asiakkaan-nimi\" \/><\/span>\n\t\t\t<\/p>\n\t\t<\/div>\n\t\t<div class=\"column-half\">\n\t\t\t<p><span class=\"wpcf7-form-control-wrap\" data-name=\"Asiakkaan-ika\"><input size=\"40\" maxlength=\"400\" class=\"wpcf7-form-control wpcf7-text wpcf7-validates-as-required\" aria-required=\"true\" aria-invalid=\"false\" placeholder=\"Kundens \u00e5lder\" value=\"\" type=\"text\" name=\"Asiakkaan-ika\" \/><\/span>\n\t\t\t<\/p>\n\t\t<\/div>\n\t<\/div>\n\t<div class=\"form-row\">\n\t\t<div class=\"column-full\">\n\t\t\t<p><span class=\"wpcf7-form-control-wrap\" data-name=\"Koti-osoite\"><input size=\"40\" maxlength=\"400\" class=\"wpcf7-form-control wpcf7-text wpcf7-validates-as-required\" aria-required=\"true\" aria-invalid=\"false\" placeholder=\"Hemadress\" value=\"\" type=\"text\" name=\"Koti-osoite\" \/><\/span>\n\t\t\t<\/p>\n\t\t<\/div>\n\t<\/div>\n\t<div class=\"form-row\">\n\t\t<div class=\"column-half\">\n\t\t\t<p><span class=\"wpcf7-form-control-wrap\" data-name=\"your-Kotikunta\"><input size=\"40\" maxlength=\"400\" class=\"wpcf7-form-control wpcf7-text wpcf7-validates-as-required\" aria-required=\"true\" aria-invalid=\"false\" placeholder=\"Hemkommun\" value=\"\" type=\"text\" name=\"your-Kotikunta\" \/><\/span>\n\t\t\t<\/p>\n\t\t<\/div>\n\t\t<div class=\"column-half\">\n\t\t\t<p><span class=\"wpcf7-form-control-wrap\" data-name=\"Asiakkaan-puhelin\"><input size=\"40\" maxlength=\"400\" class=\"wpcf7-form-control wpcf7-text wpcf7-validates-as-required\" aria-required=\"true\" aria-invalid=\"false\" placeholder=\"Kundens telefonnummer\" value=\"\" type=\"text\" name=\"Asiakkaan-puhelin\" \/><\/span>\n\t\t\t<\/p>\n\t\t<\/div>\n\t<\/div>\n\t<div class=\"form-row\">\n\t\t<div class=\"column-half\">\n\t\t\t<p><span class=\"wpcf7-form-control-wrap\" data-name=\"Huoltajien-puhelin\"><input size=\"40\" maxlength=\"400\" class=\"wpcf7-form-control wpcf7-text wpcf7-validates-as-required\" aria-required=\"true\" aria-invalid=\"false\" placeholder=\"V\u00e5rdnadshavarnas telefonummer\" value=\"\" type=\"text\" name=\"Huoltajien-puhelin\" \/><\/span>\n\t\t\t<\/p>\n\t\t<\/div>\n\t\t<div class=\"column-half\">\n\t\t\t<p><span class=\"wpcf7-form-control-wrap\" data-name=\"your-email\"><input size=\"40\" maxlength=\"400\" class=\"wpcf7-form-control wpcf7-email wpcf7-validates-as-required wpcf7-text wpcf7-validates-as-email\" aria-required=\"true\" aria-invalid=\"false\" placeholder=\"E-post\" value=\"\" type=\"email\" name=\"your-email\" \/><\/span>\n\t\t\t<\/p>\n\t\t<\/div>\n\t<\/div>\n\t<div class=\"form-row\">\n\t\t<div class=\"column-full\" style=\"font-size: 19px;\">\n\t\t\t<p>Kunden har ikraftvarande betalningsf\u00f6rbindelse\n\t\t\t<\/p>\n\t\t<\/div>\n\t\t<div class=\"column-full\">\n\t\t\t<p><span class=\"wpcf7-form-control-wrap\" data-name=\"menu-444\"><span class=\"wpcf7-form-control wpcf7-checkbox wpcf7-validates-as-required\"><span class=\"wpcf7-list-item first\"><label><input type=\"checkbox\" name=\"menu-444[]\" value=\"FPAs betalningsf\u00f6rbindelse\" \/><span class=\"wpcf7-list-item-label\">FPAs betalningsf\u00f6rbindelse<\/span><\/label><\/span><span class=\"wpcf7-list-item last\"><label><input type=\"checkbox\" name=\"menu-444[]\" value=\"Servicesedel\" \/><span class=\"wpcf7-list-item-label\">Servicesedel<\/span><\/label><\/span><\/span><\/span>\n\t\t\t<\/p>\n\t\t<\/div>\n\t\t<div class=\"column-half\" style=\"font-size: 19px;\">\n\t\t\t<p>Betalningsf\u00f6rbindelsen \u00e4r i kraft till och med:<span class=\"wpcf7-form-control-wrap\" data-name=\"date-637\"><input class=\"wpcf7-form-control wpcf7-date wpcf7-validates-as-required wpcf7-validates-as-date\" aria-required=\"true\" aria-invalid=\"false\" value=\"\" type=\"date\" name=\"date-637\" \/><\/span>\n\t\t\t<\/p>\n\t\t<\/div>\n\t\t<div class=\"column-full\" style=\"font-size: 19px;\">\n\t\t\t<p>Vi har blivit beviljade\n\t\t\t<\/p>\n\t\t<\/div>\n\t\t<div class=\"column-full\">\n\t\t\t<p><span class=\"wpcf7-form-control-wrap\" data-name=\"menu-443\"><span class=\"wpcf7-form-control wpcf7-checkbox wpcf7-validates-as-required\"><span class=\"wpcf7-list-item first\"><label><input type=\"checkbox\" name=\"menu-443[]\" value=\"45 min\" \/><span class=\"wpcf7-list-item-label\">45 min<\/span><\/label><\/span><span class=\"wpcf7-list-item\"><label><input type=\"checkbox\" name=\"menu-443[]\" value=\"60 min\" \/><span class=\"wpcf7-list-item-label\">60 min<\/span><\/label><\/span><span class=\"wpcf7-list-item last\"><label><input type=\"checkbox\" name=\"menu-443[]\" value=\"90 min\" \/><span class=\"wpcf7-list-item-label\">90 min<\/span><\/label><\/span><\/span><\/span>\n\t\t\t<\/p>\n\t\t<\/div>\n\t<\/div>\n\t<div class=\"form-row\">\n\t\t<div class=\"column-full\" style=\"font-size: 19px;\">\n\t\t\t<p>Vi har blivit beviljade\n\t\t\t<\/p>\n\t\t<\/div>\n\t\t<div class=\"column-full\">\n\t\t\t<p><span class=\"wpcf7-form-control-wrap\" data-name=\"checkbox-446\"><span class=\"wpcf7-form-control wpcf7-checkbox wpcf7-validates-as-required\"><span class=\"wpcf7-list-item first\"><label><input type=\"checkbox\" name=\"checkbox-446[]\" value=\"mottagningsbes\u00f6k\" \/><span class=\"wpcf7-list-item-label\">mottagningsbes\u00f6k<\/span><\/label><\/span><span class=\"wpcf7-list-item\"><label><input type=\"checkbox\" name=\"checkbox-446[]\" value=\"dagv\u00e5rd \/ skola\" \/><span class=\"wpcf7-list-item-label\">dagv\u00e5rd \/ skola<\/span><\/label><\/span><span class=\"wpcf7-list-item last\"><label><input type=\"checkbox\" name=\"checkbox-446[]\" value=\"hembes\u00f6k\" \/><span class=\"wpcf7-list-item-label\">hembes\u00f6k<\/span><\/label><\/span><\/span><\/span>\n\t\t\t<\/p>\n\t\t<\/div>\n\t<\/div>\n\t<div class=\"form-row\">\n\t\t<div class=\"column-full\" style=\"font-size: 19px;\">\n\t\t\t<p>Vi kan f\u00f6ra till mottagningen dagtid\n\t\t\t<\/p>\n\t\t<\/div>\n\t\t<div class=\"column-full\">\n\t\t\t<p><span class=\"wpcf7-form-control-wrap\" data-name=\"checkbox-447\"><span class=\"wpcf7-form-control wpcf7-checkbox wpcf7-validates-as-required\"><span class=\"wpcf7-list-item first\"><label><input type=\"checkbox\" name=\"checkbox-447[]\" value=\"Ja\" \/><span class=\"wpcf7-list-item-label\">Ja<\/span><\/label><\/span><span class=\"wpcf7-list-item last\"><label><input type=\"checkbox\" name=\"checkbox-447[]\" value=\"Nej\" \/><span class=\"wpcf7-list-item-label\">Nej<\/span><\/label><\/span><\/span><\/span>\n\t\t\t<\/p>\n\t\t<\/div>\n\t<\/div>\n\t<div class=\"form-row\">\n\t\t<div class=\"column-full\" style=\"font-size: 19px;\">\n\t\t\t<p>Kunden har \u00e4ven andra terapier\n\t\t\t<\/p>\n\t\t<\/div>\n\t\t<div class=\"column-half\">\n\t\t\t<p><span class=\"wpcf7-form-control-wrap\" data-name=\"mi-tka\"><input size=\"40\" maxlength=\"400\" class=\"wpcf7-form-control wpcf7-text wpcf7-validates-as-required\" aria-required=\"true\" aria-invalid=\"false\" placeholder=\"vilka\" value=\"\" type=\"text\" name=\"mi-tka\" \/><\/span>\n\t\t\t<\/p>\n\t\t<\/div>\n\t\t<div class=\"column-half\">\n\t\t\t<p><span class=\"wpcf7-form-control-wrap\" data-name=\"mill-oin\"><input size=\"40\" maxlength=\"400\" class=\"wpcf7-form-control wpcf7-text wpcf7-validates-as-required\" aria-required=\"true\" aria-invalid=\"false\" placeholder=\"n\u00e4r\" value=\"\" type=\"text\" name=\"mill-oin\" \/><\/span>\n\t\t\t<\/p>\n\t\t<\/div>\n\t<\/div>\n\t<div class=\"form-row\">\n\t\t<div class=\"column-full\" style=\"font-size: 19px;\">\n\t\t\t<p>Kunden \u00e4r:\n\t\t\t<\/p>\n\t\t<\/div>\n\t\t<div class=\"column-full\">\n\t\t\t<p><span class=\"wpcf7-form-control-wrap\" data-name=\"checkbox-714\"><span class=\"wpcf7-form-control wpcf7-checkbox\"><span class=\"wpcf7-list-item first\"><label><input type=\"checkbox\" name=\"checkbox-714[]\" value=\"Hemma\" \/><span class=\"wpcf7-list-item-label\">Hemma<\/span><\/label><\/span><span class=\"wpcf7-list-item\"><label><input type=\"checkbox\" name=\"checkbox-714[]\" value=\"I dagv\u00e5rd\" \/><span class=\"wpcf7-list-item-label\">I dagv\u00e5rd<\/span><\/label><\/span><span class=\"wpcf7-list-item\"><label><input type=\"checkbox\" name=\"checkbox-714[]\" value=\"I skolan\" \/><span class=\"wpcf7-list-item-label\">I skolan<\/span><\/label><\/span><span class=\"wpcf7-list-item last\"><label><input type=\"checkbox\" name=\"checkbox-714[]\" value=\"I eftermiddagsverksamhet\" \/><span class=\"wpcf7-list-item-label\">I eftermiddagsverksamhet<\/span><\/label><\/span><\/span><\/span>\n\t\t\t<\/p>\n\t\t<\/div>\n\t<\/div>\n\t<div class=\"form-row\">\n\t\t<div class=\"column-half\">\n\t\t\t<p><span class=\"wpcf7-form-control-wrap\" data-name=\"paivakodin-nimi\"><input size=\"40\" maxlength=\"400\" class=\"wpcf7-form-control wpcf7-text wpcf7-validates-as-required\" aria-required=\"true\" aria-invalid=\"false\" placeholder=\"Daghemmets namn\" value=\"\" type=\"text\" name=\"paivakodin-nimi\" \/><\/span>\n\t\t\t<\/p>\n\t\t<\/div>\n\t\t<div class=\"column-half\">\n\t\t\t<p><span class=\"wpcf7-form-control-wrap\" data-name=\"Koulun-nimi\"><input size=\"40\" maxlength=\"400\" class=\"wpcf7-form-control wpcf7-text wpcf7-validates-as-required\" aria-required=\"true\" aria-invalid=\"false\" placeholder=\"Skolans namn\" value=\"\" type=\"text\" name=\"Koulun-nimi\" \/><\/span>\n\t\t\t<\/p>\n\t\t<\/div>\n\t<\/div>\n\t<div id=\"responsive-form2\" class=\"clearfix\">\n\t\t<div class=\"form-row\">\n\t\t\t<div class=\"column-full\" style=\"font-size: 19px;\">\n\t\t\t\t<p>Kundens skoldag slutar (kl):\n\t\t\t\t<\/p>\n\t\t\t<\/div>\n\t\t\t<div class=\"column-half\">\n\t\t\t\t<p><span class=\"wpcf7-form-control-wrap\" data-name=\"maan-antai\"><input size=\"40\" maxlength=\"400\" class=\"wpcf7-form-control wpcf7-text wpcf7-validates-as-required\" aria-required=\"true\" aria-invalid=\"false\" placeholder=\"M\u00e5ndag t.ex. 8:00-13:00\" value=\"\" type=\"text\" name=\"maan-antai\" \/><\/span>\n\t\t\t\t<\/p>\n\t\t\t<\/div>\n\t\t<\/div>\n\t<\/div>\n\t<div id=\"responsive-form2\" class=\"clearfix\">\n\t\t<div class=\"form-row\">\n\t\t\t<div class=\"column-half\">\n\t\t\t\t<p><span class=\"wpcf7-form-control-wrap\" data-name=\"tii-stai\"><input size=\"40\" maxlength=\"400\" class=\"wpcf7-form-control wpcf7-text wpcf7-validates-as-required\" aria-required=\"true\" aria-invalid=\"false\" placeholder=\"Tisdag t.ex. 9:00-14:00\" value=\"\" type=\"text\" name=\"tii-stai\" \/><\/span>\n\t\t\t\t<\/p>\n\t\t\t<\/div>\n\t\t<\/div>\n\t<\/div>\n\t<div id=\"responsive-form2\" class=\"clearfix\">\n\t\t<div class=\"form-row\">\n\t\t\t<div class=\"column-half\">\n\t\t\t\t<p><span class=\"wpcf7-form-control-wrap\" data-name=\"kesk-iviikko\"><input size=\"40\" maxlength=\"400\" class=\"wpcf7-form-control wpcf7-text wpcf7-validates-as-required\" aria-required=\"true\" aria-invalid=\"false\" placeholder=\"Onsdag t.ex. 8:00-13:00\" value=\"\" type=\"text\" name=\"kesk-iviikko\" \/><\/span>\n\t\t\t\t<\/p>\n\t\t\t<\/div>\n\t\t<\/div>\n\t<\/div>\n\t<div id=\"responsive-form2\" class=\"clearfix\">\n\t\t<div class=\"form-row\">\n\t\t\t<div class=\"column-half\">\n\t\t\t\t<p><span class=\"wpcf7-form-control-wrap\" data-name=\"tors-tai\"><input size=\"40\" maxlength=\"400\" class=\"wpcf7-form-control wpcf7-text wpcf7-validates-as-required\" aria-required=\"true\" aria-invalid=\"false\" placeholder=\"Torsdag t.ex. 8:00-13:00\" value=\"\" type=\"text\" name=\"tors-tai\" \/><\/span>\n\t\t\t\t<\/p>\n\t\t\t<\/div>\n\t\t<\/div>\n\t<\/div>\n\t<div id=\"responsive-form2\" class=\"clearfix\">\n\t\t<div class=\"form-row\">\n\t\t\t<div class=\"column-half\">\n\t\t\t\t<p><span class=\"wpcf7-form-control-wrap\" data-name=\"per-jantai\"><input size=\"40\" maxlength=\"400\" class=\"wpcf7-form-control wpcf7-text wpcf7-validates-as-required\" aria-required=\"true\" aria-invalid=\"false\" placeholder=\"Fredag t.ex. 9:00-12:00\" value=\"\" type=\"text\" name=\"per-jantai\" \/><\/span>\n\t\t\t\t<\/p>\n\t\t\t<\/div>\n\t\t<\/div>\n\t<\/div>\n\t<div class=\"form-row\">\n\t\t<div class=\"column-half2\" style=\"font-size: 20px;padding: 27px 0px 0px 11px;\">\n\t\t\t<p>B\u00e4sta dag och tid f\u00f6r oss \u00e4r:\n\t\t\t<\/p>\n\t\t<\/div>\n\t\t<div class=\"column-half33\">\n\t\t\t<p><span class=\"wpcf7-form-control-wrap\" data-name=\"Esim-tiistai\"><input size=\"40\" maxlength=\"400\" class=\"wpcf7-form-control wpcf7-text wpcf7-validates-as-required\" aria-required=\"true\" aria-invalid=\"false\" placeholder=\"T.ex Tisdag kl 13-14\" value=\"\" type=\"text\" name=\"Esim-tiistai\" \/><\/span>\n\t\t\t<\/p>\n\t\t<\/div>\n\t<\/div>\n\t<div class=\"form-row\">\n\t\t<div class=\"column-full\">\n\t\t\t<p><span class=\"wpcf7-form-control-wrap\" data-name=\"Lisat-ietoja\"><textarea cols=\"40\" rows=\"10\" maxlength=\"2000\" class=\"wpcf7-form-control wpcf7-textarea wpcf7-validates-as-required\" aria-required=\"true\" aria-invalid=\"false\" placeholder=\"Vilka \u00e4r ergoterapins m\u00e5ls\u00e4ttningar i habiliteringplanen?\" name=\"Lisat-ietoja\"><\/textarea><\/span>\n\t\t\t<\/p>\n\t\t<\/div>\n\t<\/div>\n\t<div class=\"form-row\">\n\t\t<div class=\"column-full\">\n\t\t\t<p><input class=\"wpcf7-form-control wpcf7-submit has-spinner\" type=\"submit\" value=\"Skicka\" \/>\n\t\t\t<\/p>\n\t\t<\/div>\n\t<\/div>\n<\/div><!--end responsive-form--><p style=\"display: none !important;\" class=\"akismet-fields-container\" data-prefix=\"_wpcf7_ak_\"><label>&#916;<textarea name=\"_wpcf7_ak_hp_textarea\" cols=\"45\" rows=\"8\" maxlength=\"100\"><\/textarea><\/label><input type=\"hidden\" id=\"ak_js_1\" name=\"_wpcf7_ak_js\" value=\"21\"\/><script>document.getElementById( \"ak_js_1\" ).setAttribute( \"value\", ( new Date() ).getTime() );<\/script><\/p><div class=\"wpcf7-response-output\" aria-hidden=\"true\"><\/div>\n<\/form>\n<\/div>\n[\/vc_column][\/vc_row]<\/p>\n<\/div>","protected":false},"excerpt":{"rendered":"<p>[vc_row][vc_column width=&#8221;1\/1&#8243;][vc_column_text uncode_shortcode_id=&#8221;172029&#8243;] Vi ber er fylla i ans\u00f6kningsblanketten s\u00e5 noggrant som m\u00f6jligt. N\u00e4r vi mottagit ans\u00f6kningsblanketten tar vi alltid [&hellip;]<\/p>\n","protected":false},"author":3,"featured_media":0,"parent":0,"menu_order":0,"comment_status":"closed","ping_status":"closed","template":"","meta":{"_oct_exclude_from_cache":false,"footnotes":""},"class_list":["post-104167","page","type-page","status-publish","hentry"],"yoast_head":"<!-- This site is optimized with the Yoast SEO plugin v23.3 - https:\/\/yoast.com\/wordpress\/plugins\/seo\/ -->\n<title>Ans\u00f6k om terapiplats - Aatos Kuntoutus Oy<\/title>\n<meta name=\"robots\" content=\"index, follow, max-snippet:-1, max-image-preview:large, max-video-preview:-1\" \/>\n<link rel=\"canonical\" href=\"https:\/\/aatoskuntoutus.fi\/sv\/ansok-om-terapiplats\/\" \/>\n<meta property=\"og:locale\" content=\"sv_SE\" \/>\n<meta property=\"og:type\" content=\"article\" \/>\n<meta property=\"og:title\" content=\"Ans\u00f6k om terapiplats - Aatos Kuntoutus Oy\" \/>\n<meta property=\"og:description\" content=\"[vc_row][vc_column width=&#8221;1\/1&#8243;][vc_column_text uncode_shortcode_id=&#8221;172029&#8243;] Vi ber er fylla i ans\u00f6kningsblanketten s\u00e5 noggrant som m\u00f6jligt. N\u00e4r vi mottagit ans\u00f6kningsblanketten tar vi alltid [&hellip;]\" \/>\n<meta property=\"og:url\" content=\"https:\/\/aatoskuntoutus.fi\/sv\/ansok-om-terapiplats\/\" \/>\n<meta property=\"og:site_name\" content=\"Aatos Kuntoutus Oy\" \/>\n<meta property=\"article:modified_time\" content=\"2022-03-14T19:03:29+00:00\" \/>\n<meta name=\"twitter:card\" content=\"summary_large_image\" \/>\n<script type=\"application\/ld+json\" class=\"yoast-schema-graph\">{\"@context\":\"https:\/\/schema.org\",\"@graph\":[{\"@type\":\"WebPage\",\"@id\":\"https:\/\/aatoskuntoutus.fi\/sv\/ansok-om-terapiplats\/\",\"url\":\"https:\/\/aatoskuntoutus.fi\/sv\/ansok-om-terapiplats\/\",\"name\":\"Ans\u00f6k om terapiplats - Aatos Kuntoutus Oy\",\"isPartOf\":{\"@id\":\"https:\/\/aatoskuntoutus.fi\/sv\/#website\"},\"datePublished\":\"2021-12-13T17:52:49+00:00\",\"dateModified\":\"2022-03-14T19:03:29+00:00\",\"breadcrumb\":{\"@id\":\"https:\/\/aatoskuntoutus.fi\/sv\/ansok-om-terapiplats\/#breadcrumb\"},\"inLanguage\":\"sv-SE\",\"potentialAction\":[{\"@type\":\"ReadAction\",\"target\":[\"https:\/\/aatoskuntoutus.fi\/sv\/ansok-om-terapiplats\/\"]}]},{\"@type\":\"BreadcrumbList\",\"@id\":\"https:\/\/aatoskuntoutus.fi\/sv\/ansok-om-terapiplats\/#breadcrumb\",\"itemListElement\":[{\"@type\":\"ListItem\",\"position\":1,\"name\":\"Home\",\"item\":\"https:\/\/aatoskuntoutus.fi\/sv\/\"},{\"@type\":\"ListItem\",\"position\":2,\"name\":\"Ans\u00f6k om terapiplats\"}]},{\"@type\":\"WebSite\",\"@id\":\"https:\/\/aatoskuntoutus.fi\/sv\/#website\",\"url\":\"https:\/\/aatoskuntoutus.fi\/sv\/\",\"name\":\"Aatos Kuntoutus Oy\",\"description\":\"Toimintaterapiaa ja neuropsykiatrista valmennusta Kokkolassa\",\"publisher\":{\"@id\":\"https:\/\/aatoskuntoutus.fi\/sv\/#organization\"},\"potentialAction\":[{\"@type\":\"SearchAction\",\"target\":{\"@type\":\"EntryPoint\",\"urlTemplate\":\"https:\/\/aatoskuntoutus.fi\/sv\/?s={search_term_string}\"},\"query-input\":\"required name=search_term_string\"}],\"inLanguage\":\"sv-SE\"},{\"@type\":\"Organization\",\"@id\":\"https:\/\/aatoskuntoutus.fi\/sv\/#organization\",\"name\":\"Aatos Kuntoutus Oy\",\"url\":\"https:\/\/aatoskuntoutus.fi\/sv\/\",\"logo\":{\"@type\":\"ImageObject\",\"inLanguage\":\"sv-SE\",\"@id\":\"https:\/\/aatoskuntoutus.fi\/sv\/#\/schema\/logo\/image\/\",\"url\":\"https:\/\/aatoskuntoutus.fi\/wp-content\/uploads\/2021\/12\/cropped-Aatos-Kuntoutus_logo-1.png\",\"contentUrl\":\"https:\/\/aatoskuntoutus.fi\/wp-content\/uploads\/2021\/12\/cropped-Aatos-Kuntoutus_logo-1.png\",\"width\":160,\"height\":166,\"caption\":\"Aatos Kuntoutus Oy\"},\"image\":{\"@id\":\"https:\/\/aatoskuntoutus.fi\/sv\/#\/schema\/logo\/image\/\"}}]}<\/script>\n<!-- \/ Yoast SEO plugin. -->","yoast_head_json":{"title":"Ans\u00f6k om terapiplats - Aatos Kuntoutus Oy","robots":{"index":"index","follow":"follow","max-snippet":"max-snippet:-1","max-image-preview":"max-image-preview:large","max-video-preview":"max-video-preview:-1"},"canonical":"https:\/\/aatoskuntoutus.fi\/sv\/ansok-om-terapiplats\/","og_locale":"sv_SE","og_type":"article","og_title":"Ans\u00f6k om terapiplats - Aatos Kuntoutus Oy","og_description":"[vc_row][vc_column width=&#8221;1\/1&#8243;][vc_column_text uncode_shortcode_id=&#8221;172029&#8243;] Vi ber er fylla i ans\u00f6kningsblanketten s\u00e5 noggrant som m\u00f6jligt. N\u00e4r vi mottagit ans\u00f6kningsblanketten tar vi alltid [&hellip;]","og_url":"https:\/\/aatoskuntoutus.fi\/sv\/ansok-om-terapiplats\/","og_site_name":"Aatos Kuntoutus Oy","article_modified_time":"2022-03-14T19:03:29+00:00","twitter_card":"summary_large_image","schema":{"@context":"https:\/\/schema.org","@graph":[{"@type":"WebPage","@id":"https:\/\/aatoskuntoutus.fi\/sv\/ansok-om-terapiplats\/","url":"https:\/\/aatoskuntoutus.fi\/sv\/ansok-om-terapiplats\/","name":"Ans\u00f6k om terapiplats - Aatos Kuntoutus Oy","isPartOf":{"@id":"https:\/\/aatoskuntoutus.fi\/sv\/#website"},"datePublished":"2021-12-13T17:52:49+00:00","dateModified":"2022-03-14T19:03:29+00:00","breadcrumb":{"@id":"https:\/\/aatoskuntoutus.fi\/sv\/ansok-om-terapiplats\/#breadcrumb"},"inLanguage":"sv-SE","potentialAction":[{"@type":"ReadAction","target":["https:\/\/aatoskuntoutus.fi\/sv\/ansok-om-terapiplats\/"]}]},{"@type":"BreadcrumbList","@id":"https:\/\/aatoskuntoutus.fi\/sv\/ansok-om-terapiplats\/#breadcrumb","itemListElement":[{"@type":"ListItem","position":1,"name":"Home","item":"https:\/\/aatoskuntoutus.fi\/sv\/"},{"@type":"ListItem","position":2,"name":"Ans\u00f6k om terapiplats"}]},{"@type":"WebSite","@id":"https:\/\/aatoskuntoutus.fi\/sv\/#website","url":"https:\/\/aatoskuntoutus.fi\/sv\/","name":"Aatos Kuntoutus Oy","description":"Toimintaterapiaa ja neuropsykiatrista valmennusta Kokkolassa","publisher":{"@id":"https:\/\/aatoskuntoutus.fi\/sv\/#organization"},"potentialAction":[{"@type":"SearchAction","target":{"@type":"EntryPoint","urlTemplate":"https:\/\/aatoskuntoutus.fi\/sv\/?s={search_term_string}"},"query-input":"required name=search_term_string"}],"inLanguage":"sv-SE"},{"@type":"Organization","@id":"https:\/\/aatoskuntoutus.fi\/sv\/#organization","name":"Aatos Kuntoutus Oy","url":"https:\/\/aatoskuntoutus.fi\/sv\/","logo":{"@type":"ImageObject","inLanguage":"sv-SE","@id":"https:\/\/aatoskuntoutus.fi\/sv\/#\/schema\/logo\/image\/","url":"https:\/\/aatoskuntoutus.fi\/wp-content\/uploads\/2021\/12\/cropped-Aatos-Kuntoutus_logo-1.png","contentUrl":"https:\/\/aatoskuntoutus.fi\/wp-content\/uploads\/2021\/12\/cropped-Aatos-Kuntoutus_logo-1.png","width":160,"height":166,"caption":"Aatos Kuntoutus Oy"},"image":{"@id":"https:\/\/aatoskuntoutus.fi\/sv\/#\/schema\/logo\/image\/"}}]}},"_links":{"self":[{"href":"https:\/\/aatoskuntoutus.fi\/sv\/wp-json\/wp\/v2\/pages\/104167","targetHints":{"allow":["GET"]}}],"collection":[{"href":"https:\/\/aatoskuntoutus.fi\/sv\/wp-json\/wp\/v2\/pages"}],"about":[{"href":"https:\/\/aatoskuntoutus.fi\/sv\/wp-json\/wp\/v2\/types\/page"}],"author":[{"embeddable":true,"href":"https:\/\/aatoskuntoutus.fi\/sv\/wp-json\/wp\/v2\/users\/3"}],"replies":[{"embeddable":true,"href":"https:\/\/aatoskuntoutus.fi\/sv\/wp-json\/wp\/v2\/comments?post=104167"}],"version-history":[{"count":9,"href":"https:\/\/aatoskuntoutus.fi\/sv\/wp-json\/wp\/v2\/pages\/104167\/revisions"}],"predecessor-version":[{"id":104211,"href":"https:\/\/aatoskuntoutus.fi\/sv\/wp-json\/wp\/v2\/pages\/104167\/revisions\/104211"}],"wp:attachment":[{"href":"https:\/\/aatoskuntoutus.fi\/sv\/wp-json\/wp\/v2\/media?parent=104167"}],"curies":[{"name":"wp","href":"https:\/\/api.w.org\/{rel}","templated":true}]}}