{"id":104182,"date":"2022-02-22T16:06:33","date_gmt":"2022-02-22T16:06:33","guid":{"rendered":"https:\/\/aatoskuntoutus.fi\/palaute\/"},"modified":"2022-02-22T16:07:13","modified_gmt":"2022-02-22T16:07:13","slug":"palaute","status":"publish","type":"page","link":"https:\/\/aatoskuntoutus.fi\/sv\/palaute\/","title":{"rendered":"Respons"},"content":{"rendered":"<div class=\"wpb-content-wrapper\"><p>[vc_row][vc_column width=&#8221;1\/1&#8243;]\n<div class=\"wpcf7 no-js\" id=\"wpcf7-f104164-o1\" lang=\"sv-SE\" dir=\"ltr\">\n<div class=\"screen-reader-response\"><p role=\"status\" aria-live=\"polite\" aria-atomic=\"true\"><\/p> <ul><\/ul><\/div>\n<form action=\"\/sv\/wp-json\/wp\/v2\/pages\/104182#wpcf7-f104164-o1\" method=\"post\" class=\"wpcf7-form init\" aria-label=\"Kontaktformul\u00e4r\" novalidate=\"novalidate\" data-status=\"init\">\n<div style=\"display: none;\">\n<input type=\"hidden\" name=\"_wpcf7\" value=\"104164\" \/>\n<input type=\"hidden\" name=\"_wpcf7_version\" value=\"5.9.8\" \/>\n<input type=\"hidden\" name=\"_wpcf7_locale\" value=\"sv_SE\" \/>\n<input type=\"hidden\" name=\"_wpcf7_unit_tag\" value=\"wpcf7-f104164-o1\" \/>\n<input type=\"hidden\" name=\"_wpcf7_container_post\" value=\"0\" \/>\n<input type=\"hidden\" name=\"_wpcf7_posted_data_hash\" value=\"\" \/>\n<\/div>\n<div id=\"responsive-form3\" class=\"clearfix\">\n\t<div class=\"column-full\" style=\"font-size: 23px; text-align:center;color: #000;\">\n\t\t<p>Hur n\u00f6jd \u00e4r du?\n\t\t<\/p>\n\t<\/div>\n\t<div class=\"form-row\">\n\t\t<div class=\"column-full\" style=\"font-size: 23px;\">\n\t\t\t<p>Med servicen\n\t\t\t<\/p>\n\t\t<\/div>\n\t\t<div class=\"column-half45\" style=\"font-size: 19px;\">\n\t\t\t<p>1=Inte alls\n\t\t\t<\/p>\n\t\t<\/div>\n\t\t<div class=\"column-half46\" style=\"font-size: 19px;\">\n\t\t\t<p>5=Mycket\n\t\t\t<\/p>\n\t\t<\/div>\n\t\t<div class=\"column-full\">\n\t\t\t<p><span class=\"wpcf7-form-control-wrap\" data-name=\"your-Palveluun\"><span class=\"wpcf7-form-control wpcf7-radio togglebuttons\"><span class=\"wpcf7-list-item first\"><label><input type=\"radio\" name=\"your-Palveluun\" value=\"1\" \/><span class=\"wpcf7-list-item-label\">1<\/span><\/label><\/span><span class=\"wpcf7-list-item\"><label><input type=\"radio\" name=\"your-Palveluun\" value=\"2\" \/><span class=\"wpcf7-list-item-label\">2<\/span><\/label><\/span><span class=\"wpcf7-list-item\"><label><input type=\"radio\" name=\"your-Palveluun\" value=\"3\" \/><span class=\"wpcf7-list-item-label\">3<\/span><\/label><\/span><span class=\"wpcf7-list-item\"><label><input type=\"radio\" name=\"your-Palveluun\" value=\"4\" \/><span class=\"wpcf7-list-item-label\">4<\/span><\/label><\/span><span class=\"wpcf7-list-item last\"><label><input type=\"radio\" name=\"your-Palveluun\" value=\"5\" \/><span class=\"wpcf7-list-item-label\">5<\/span><\/label><\/span><\/span><\/span>\n\t\t\t<\/p>\n\t\t<\/div>\n\t<\/div>\n\t<div class=\"form-row\">\n\t\t<div class=\"column-full\" style=\"font-size: 23px;\">\n\t\t\t<p>Med terapeutens yrkeskunskap\n\t\t\t<\/p>\n\t\t<\/div>\n\t\t<div class=\"column-half45\" style=\"font-size: 19px;\">\n\t\t\t<p>1=Inte alls\n\t\t\t<\/p>\n\t\t<\/div>\n\t\t<div class=\"column-half46\" style=\"font-size: 19px;\">\n\t\t\t<p>5=Mycket\n\t\t\t<\/p>\n\t\t<\/div>\n\t\t<div class=\"column-full\">\n\t\t\t<p><span class=\"wpcf7-form-control-wrap\" data-name=\"your-Terapeutin\"><span class=\"wpcf7-form-control wpcf7-radio togglebuttons\"><span class=\"wpcf7-list-item first\"><label><input type=\"radio\" name=\"your-Terapeutin\" value=\"1\" \/><span class=\"wpcf7-list-item-label\">1<\/span><\/label><\/span><span class=\"wpcf7-list-item\"><label><input type=\"radio\" name=\"your-Terapeutin\" value=\"2\" \/><span class=\"wpcf7-list-item-label\">2<\/span><\/label><\/span><span class=\"wpcf7-list-item\"><label><input type=\"radio\" name=\"your-Terapeutin\" value=\"3\" \/><span class=\"wpcf7-list-item-label\">3<\/span><\/label><\/span><span class=\"wpcf7-list-item\"><label><input type=\"radio\" name=\"your-Terapeutin\" value=\"4\" \/><span class=\"wpcf7-list-item-label\">4<\/span><\/label><\/span><span class=\"wpcf7-list-item last\"><label><input type=\"radio\" name=\"your-Terapeutin\" value=\"5\" \/><span class=\"wpcf7-list-item-label\">5<\/span><\/label><\/span><\/span><\/span>\n\t\t\t<\/p>\n\t\t<\/div>\n\t<\/div>\n\t<div class=\"form-row\">\n\t\t<div class=\"column-full\" style=\"font-size: 23px;\">\n\t\t\t<p>Med mottagningens utrymmen\n\t\t\t<\/p>\n\t\t<\/div>\n\t\t<div class=\"column-half45\" style=\"font-size: 19px;\">\n\t\t\t<p>1=Inte alls\n\t\t\t<\/p>\n\t\t<\/div>\n\t\t<div class=\"column-half46\" style=\"font-size: 19px;\">\n\t\t\t<p>5=Mycket\n\t\t\t<\/p>\n\t\t<\/div>\n\t\t<div class=\"column-full\">\n\t\t\t<p><span class=\"wpcf7-form-control-wrap\" data-name=\"your-Vastaanottotiloihin\"><span class=\"wpcf7-form-control wpcf7-radio togglebuttons\"><span class=\"wpcf7-list-item first\"><label><input type=\"radio\" name=\"your-Vastaanottotiloihin\" value=\"1\" \/><span class=\"wpcf7-list-item-label\">1<\/span><\/label><\/span><span class=\"wpcf7-list-item\"><label><input type=\"radio\" name=\"your-Vastaanottotiloihin\" value=\"2\" \/><span class=\"wpcf7-list-item-label\">2<\/span><\/label><\/span><span class=\"wpcf7-list-item\"><label><input type=\"radio\" name=\"your-Vastaanottotiloihin\" value=\"3\" \/><span class=\"wpcf7-list-item-label\">3<\/span><\/label><\/span><span class=\"wpcf7-list-item\"><label><input type=\"radio\" name=\"your-Vastaanottotiloihin\" value=\"4\" \/><span class=\"wpcf7-list-item-label\">4<\/span><\/label><\/span><span class=\"wpcf7-list-item last\"><label><input type=\"radio\" name=\"your-Vastaanottotiloihin\" value=\"5\" \/><span class=\"wpcf7-list-item-label\">5<\/span><\/label><\/span><\/span><\/span>\n\t\t\t<\/p>\n\t\t<\/div>\n\t<\/div>\n\t<div class=\"form-row\">\n\t\t<div class=\"column-full\" style=\"font-size: 23px;\">\n\t\t\t<p>Med redskapen och materialen\n\t\t\t<\/p>\n\t\t<\/div>\n\t\t<div class=\"column-half45\" style=\"font-size: 19px;\">\n\t\t\t<p>1=Inte alls\n\t\t\t<\/p>\n\t\t<\/div>\n\t\t<div class=\"column-half46\" style=\"font-size: 19px;\">\n\t\t\t<p>5=Mycket\n\t\t\t<\/p>\n\t\t<\/div>\n\t\t<div class=\"column-full\">\n\t\t\t<p><span class=\"wpcf7-form-control-wrap\" data-name=\"your-Valineisiin\"><span class=\"wpcf7-form-control wpcf7-radio togglebuttons\"><span class=\"wpcf7-list-item first\"><label><input type=\"radio\" name=\"your-Valineisiin\" value=\"1\" \/><span class=\"wpcf7-list-item-label\">1<\/span><\/label><\/span><span class=\"wpcf7-list-item\"><label><input type=\"radio\" name=\"your-Valineisiin\" value=\"2\" \/><span class=\"wpcf7-list-item-label\">2<\/span><\/label><\/span><span class=\"wpcf7-list-item\"><label><input type=\"radio\" name=\"your-Valineisiin\" value=\"3\" \/><span class=\"wpcf7-list-item-label\">3<\/span><\/label><\/span><span class=\"wpcf7-list-item\"><label><input type=\"radio\" name=\"your-Valineisiin\" value=\"4\" \/><span class=\"wpcf7-list-item-label\">4<\/span><\/label><\/span><span class=\"wpcf7-list-item last\"><label><input type=\"radio\" name=\"your-Valineisiin\" value=\"5\" \/><span class=\"wpcf7-list-item-label\">5<\/span><\/label><\/span><\/span><\/span>\n\t\t\t<\/p>\n\t\t<\/div>\n\t<\/div>\n\t<div class=\"form-row\">\n\t\t<div class=\"column-full\">\n\t\t\t<p>Fungerade samarbetet bra? <span class=\"wpcf7-form-control-wrap\" data-name=\"checkbox-288\"><span class=\"wpcf7-form-control wpcf7-checkbox wpcf7-validates-as-required\"><span class=\"wpcf7-list-item first\"><label><input type=\"checkbox\" name=\"checkbox-288[]\" value=\"Ja\" \/><span class=\"wpcf7-list-item-label\">Ja<\/span><\/label><\/span><span class=\"wpcf7-list-item last\"><label><input type=\"checkbox\" name=\"checkbox-288[]\" value=\"Nej\" \/><span class=\"wpcf7-list-item-label\">Nej<\/span><\/label><\/span><\/span><\/span>\n\t\t\t<\/p>\n\t\t<\/div>\n\t<\/div>\n\t<div class=\"form-row\">\n\t\t<div class=\"column-full\">\n\t\t\t<p><span class=\"wpcf7-form-control-wrap\" data-name=\"Lisat-ietoja\"><textarea cols=\"40\" rows=\"10\" maxlength=\"2000\" class=\"wpcf7-form-control wpcf7-textarea wpcf7-validates-as-required\" aria-required=\"true\" aria-invalid=\"false\" placeholder=\"\u00d6vrig respons och \u00f6nskem\u00e5l:\" name=\"Lisat-ietoja\"><\/textarea><\/span>\n\t\t\t<\/p>\n\t\t<\/div>\n\t<\/div>\n\t<div class=\"form-row\">\n\t\t<div class=\"column-full\">\n\t\t\t<p><input class=\"wpcf7-form-control wpcf7-submit has-spinner\" type=\"submit\" value=\"Skicka\" \/>\n\t\t\t<\/p>\n\t\t<\/div>\n\t<\/div>\n<\/div><!--end responsive-form--><p style=\"display: none !important;\" class=\"akismet-fields-container\" data-prefix=\"_wpcf7_ak_\"><label>&#916;<textarea name=\"_wpcf7_ak_hp_textarea\" cols=\"45\" rows=\"8\" maxlength=\"100\"><\/textarea><\/label><input type=\"hidden\" id=\"ak_js_1\" name=\"_wpcf7_ak_js\" value=\"231\"\/><script>document.getElementById( \"ak_js_1\" ).setAttribute( \"value\", ( new Date() ).getTime() );<\/script><\/p><div class=\"wpcf7-response-output\" aria-hidden=\"true\"><\/div>\n<\/form>\n<\/div>\n[\/vc_column][\/vc_row]<\/p>\n<\/div>","protected":false},"excerpt":{"rendered":"<p>[vc_row][vc_column width=&#8221;1\/1&#8243;][\/vc_column][\/vc_row]<\/p>\n","protected":false},"author":3,"featured_media":0,"parent":0,"menu_order":0,"comment_status":"closed","ping_status":"closed","template":"","meta":{"_oct_exclude_from_cache":false,"footnotes":""},"class_list":["post-104182","page","type-page","status-publish","hentry"],"yoast_head":"<!-- This site is optimized with the Yoast SEO plugin v23.3 - https:\/\/yoast.com\/wordpress\/plugins\/seo\/ -->\n<title>Respons - Aatos Kuntoutus Oy<\/title>\n<meta name=\"robots\" content=\"index, follow, max-snippet:-1, max-image-preview:large, max-video-preview:-1\" \/>\n<link rel=\"canonical\" href=\"https:\/\/aatoskuntoutus.fi\/sv\/palaute\/\" \/>\n<meta property=\"og:locale\" content=\"sv_SE\" \/>\n<meta property=\"og:type\" content=\"article\" \/>\n<meta property=\"og:title\" content=\"Respons - Aatos Kuntoutus Oy\" \/>\n<meta property=\"og:description\" content=\"[vc_row][vc_column width=&#8221;1\/1&#8243;][\/vc_column][\/vc_row]\" \/>\n<meta property=\"og:url\" content=\"https:\/\/aatoskuntoutus.fi\/sv\/palaute\/\" \/>\n<meta property=\"og:site_name\" content=\"Aatos Kuntoutus Oy\" \/>\n<meta property=\"article:modified_time\" content=\"2022-02-22T16:07:13+00:00\" \/>\n<meta name=\"twitter:card\" content=\"summary_large_image\" \/>\n<script type=\"application\/ld+json\" class=\"yoast-schema-graph\">{\"@context\":\"https:\/\/schema.org\",\"@graph\":[{\"@type\":\"WebPage\",\"@id\":\"https:\/\/aatoskuntoutus.fi\/sv\/palaute\/\",\"url\":\"https:\/\/aatoskuntoutus.fi\/sv\/palaute\/\",\"name\":\"Respons - Aatos Kuntoutus Oy\",\"isPartOf\":{\"@id\":\"https:\/\/aatoskuntoutus.fi\/sv\/#website\"},\"datePublished\":\"2022-02-22T16:06:33+00:00\",\"dateModified\":\"2022-02-22T16:07:13+00:00\",\"breadcrumb\":{\"@id\":\"https:\/\/aatoskuntoutus.fi\/sv\/palaute\/#breadcrumb\"},\"inLanguage\":\"sv-SE\",\"potentialAction\":[{\"@type\":\"ReadAction\",\"target\":[\"https:\/\/aatoskuntoutus.fi\/sv\/palaute\/\"]}]},{\"@type\":\"BreadcrumbList\",\"@id\":\"https:\/\/aatoskuntoutus.fi\/sv\/palaute\/#breadcrumb\",\"itemListElement\":[{\"@type\":\"ListItem\",\"position\":1,\"name\":\"Home\",\"item\":\"https:\/\/aatoskuntoutus.fi\/sv\/\"},{\"@type\":\"ListItem\",\"position\":2,\"name\":\"Respons\"}]},{\"@type\":\"WebSite\",\"@id\":\"https:\/\/aatoskuntoutus.fi\/sv\/#website\",\"url\":\"https:\/\/aatoskuntoutus.fi\/sv\/\",\"name\":\"Aatos Kuntoutus Oy\",\"description\":\"Toimintaterapiaa ja neuropsykiatrista valmennusta Kokkolassa\",\"publisher\":{\"@id\":\"https:\/\/aatoskuntoutus.fi\/sv\/#organization\"},\"potentialAction\":[{\"@type\":\"SearchAction\",\"target\":{\"@type\":\"EntryPoint\",\"urlTemplate\":\"https:\/\/aatoskuntoutus.fi\/sv\/?s={search_term_string}\"},\"query-input\":\"required name=search_term_string\"}],\"inLanguage\":\"sv-SE\"},{\"@type\":\"Organization\",\"@id\":\"https:\/\/aatoskuntoutus.fi\/sv\/#organization\",\"name\":\"Aatos Kuntoutus Oy\",\"url\":\"https:\/\/aatoskuntoutus.fi\/sv\/\",\"logo\":{\"@type\":\"ImageObject\",\"inLanguage\":\"sv-SE\",\"@id\":\"https:\/\/aatoskuntoutus.fi\/sv\/#\/schema\/logo\/image\/\",\"url\":\"https:\/\/aatoskuntoutus.fi\/wp-content\/uploads\/2021\/12\/cropped-Aatos-Kuntoutus_logo-1.png\",\"contentUrl\":\"https:\/\/aatoskuntoutus.fi\/wp-content\/uploads\/2021\/12\/cropped-Aatos-Kuntoutus_logo-1.png\",\"width\":160,\"height\":166,\"caption\":\"Aatos Kuntoutus Oy\"},\"image\":{\"@id\":\"https:\/\/aatoskuntoutus.fi\/sv\/#\/schema\/logo\/image\/\"}}]}<\/script>\n<!-- \/ Yoast SEO plugin. -->","yoast_head_json":{"title":"Respons - Aatos Kuntoutus Oy","robots":{"index":"index","follow":"follow","max-snippet":"max-snippet:-1","max-image-preview":"max-image-preview:large","max-video-preview":"max-video-preview:-1"},"canonical":"https:\/\/aatoskuntoutus.fi\/sv\/palaute\/","og_locale":"sv_SE","og_type":"article","og_title":"Respons - Aatos Kuntoutus Oy","og_description":"[vc_row][vc_column width=&#8221;1\/1&#8243;][\/vc_column][\/vc_row]","og_url":"https:\/\/aatoskuntoutus.fi\/sv\/palaute\/","og_site_name":"Aatos Kuntoutus Oy","article_modified_time":"2022-02-22T16:07:13+00:00","twitter_card":"summary_large_image","schema":{"@context":"https:\/\/schema.org","@graph":[{"@type":"WebPage","@id":"https:\/\/aatoskuntoutus.fi\/sv\/palaute\/","url":"https:\/\/aatoskuntoutus.fi\/sv\/palaute\/","name":"Respons - Aatos Kuntoutus Oy","isPartOf":{"@id":"https:\/\/aatoskuntoutus.fi\/sv\/#website"},"datePublished":"2022-02-22T16:06:33+00:00","dateModified":"2022-02-22T16:07:13+00:00","breadcrumb":{"@id":"https:\/\/aatoskuntoutus.fi\/sv\/palaute\/#breadcrumb"},"inLanguage":"sv-SE","potentialAction":[{"@type":"ReadAction","target":["https:\/\/aatoskuntoutus.fi\/sv\/palaute\/"]}]},{"@type":"BreadcrumbList","@id":"https:\/\/aatoskuntoutus.fi\/sv\/palaute\/#breadcrumb","itemListElement":[{"@type":"ListItem","position":1,"name":"Home","item":"https:\/\/aatoskuntoutus.fi\/sv\/"},{"@type":"ListItem","position":2,"name":"Respons"}]},{"@type":"WebSite","@id":"https:\/\/aatoskuntoutus.fi\/sv\/#website","url":"https:\/\/aatoskuntoutus.fi\/sv\/","name":"Aatos Kuntoutus Oy","description":"Toimintaterapiaa ja neuropsykiatrista valmennusta Kokkolassa","publisher":{"@id":"https:\/\/aatoskuntoutus.fi\/sv\/#organization"},"potentialAction":[{"@type":"SearchAction","target":{"@type":"EntryPoint","urlTemplate":"https:\/\/aatoskuntoutus.fi\/sv\/?s={search_term_string}"},"query-input":"required name=search_term_string"}],"inLanguage":"sv-SE"},{"@type":"Organization","@id":"https:\/\/aatoskuntoutus.fi\/sv\/#organization","name":"Aatos Kuntoutus Oy","url":"https:\/\/aatoskuntoutus.fi\/sv\/","logo":{"@type":"ImageObject","inLanguage":"sv-SE","@id":"https:\/\/aatoskuntoutus.fi\/sv\/#\/schema\/logo\/image\/","url":"https:\/\/aatoskuntoutus.fi\/wp-content\/uploads\/2021\/12\/cropped-Aatos-Kuntoutus_logo-1.png","contentUrl":"https:\/\/aatoskuntoutus.fi\/wp-content\/uploads\/2021\/12\/cropped-Aatos-Kuntoutus_logo-1.png","width":160,"height":166,"caption":"Aatos Kuntoutus Oy"},"image":{"@id":"https:\/\/aatoskuntoutus.fi\/sv\/#\/schema\/logo\/image\/"}}]}},"_links":{"self":[{"href":"https:\/\/aatoskuntoutus.fi\/sv\/wp-json\/wp\/v2\/pages\/104182","targetHints":{"allow":["GET"]}}],"collection":[{"href":"https:\/\/aatoskuntoutus.fi\/sv\/wp-json\/wp\/v2\/pages"}],"about":[{"href":"https:\/\/aatoskuntoutus.fi\/sv\/wp-json\/wp\/v2\/types\/page"}],"author":[{"embeddable":true,"href":"https:\/\/aatoskuntoutus.fi\/sv\/wp-json\/wp\/v2\/users\/3"}],"replies":[{"embeddable":true,"href":"https:\/\/aatoskuntoutus.fi\/sv\/wp-json\/wp\/v2\/comments?post=104182"}],"version-history":[{"count":4,"href":"https:\/\/aatoskuntoutus.fi\/sv\/wp-json\/wp\/v2\/pages\/104182\/revisions"}],"predecessor-version":[{"id":104187,"href":"https:\/\/aatoskuntoutus.fi\/sv\/wp-json\/wp\/v2\/pages\/104182\/revisions\/104187"}],"wp:attachment":[{"href":"https:\/\/aatoskuntoutus.fi\/sv\/wp-json\/wp\/v2\/media?parent=104182"}],"curies":[{"name":"wp","href":"https:\/\/api.w.org\/{rel}","templated":true}]}}